{"id":82,"date":"2015-01-20T20:25:46","date_gmt":"2015-01-20T23:25:46","guid":{"rendered":"http:\/\/www.igrejabatistasalem.com.br\/blog\/?page_id=82"},"modified":"2020-05-24T22:57:10","modified_gmt":"2020-05-25T01:57:10","slug":"videos","status":"publish","type":"page","link":"http:\/\/www.igrejabatistasalem.com.br\/home\/midia\/videos\/","title":{"rendered":"V\u00cdDEOS"},"content":{"rendered":"<p>7 &#8211; ZIL\u00c1 MOTTA &#8211; SOLU\u00c7\u00c3O<\/p>\n<p><iframe loading=\"lazy\" width=\"1000\" height=\"563\" src=\"https:\/\/www.youtube.com\/embed\/videoseries?list=PLU2TgPAt3WWOfja1sTa2becpvSv9_ngb_\" frameborder=\"0\" allow=\"accelerometer; autoplay; encrypted-media; gyroscope; picture-in-picture\" allowfullscreen><\/iframe><\/p>\n<p>6- Momento de louvor realizado na Igreja Batista Sal\u00e9m -Iju\u00ed-RS<\/p>\n<p><iframe loading=\"lazy\" width=\"1000\" height=\"750\" src=\"https:\/\/www.youtube.com\/embed\/8sTroydI5eM?feature=oembed\" frameborder=\"0\" allow=\"accelerometer; autoplay; encrypted-media; gyroscope; picture-in-picture\" allowfullscreen><\/iframe><\/p>\n<p>5 &#8211; Homenagem realizada no dia dos Pais (em 09\/08\/2015)<\/p>\n<div style=\"width: 426px;\" class=\"wp-video\"><video class=\"wp-video-shortcode\" id=\"video-82-1\" width=\"426\" height=\"320\" preload=\"metadata\" controls=\"controls\"><source type=\"video\/mp4\" src=\"http:\/\/www.igrejabatistasalem.com.br\/home\/wp-content\/uploads\/2015\/01\/Dia_dos_Pais.mp4?_=1\" \/><a href=\"http:\/\/www.igrejabatistasalem.com.br\/home\/wp-content\/uploads\/2015\/01\/Dia_dos_Pais.mp4\">http:\/\/www.igrejabatistasalem.com.br\/home\/wp-content\/uploads\/2015\/01\/Dia_dos_Pais.mp4<\/a><\/video><\/div>\n<p>4 &#8211; Mensagem Ministrada no Centen\u00e1rio (em 17\/01\/2015)<\/p>\n<p><iframe loading=\"lazy\" width=\"1000\" height=\"563\" src=\"https:\/\/www.youtube.com\/embed\/LSN7Cscl0qU?feature=oembed\" frameborder=\"0\" allow=\"accelerometer; autoplay; encrypted-media; gyroscope; picture-in-picture\" allowfullscreen><\/iframe><\/p>\n<p>3 &#8211; Testemunho da Irm\u00e3 Alessandra Parker<\/p>\n<p><iframe loading=\"lazy\" width=\"1000\" height=\"750\" src=\"https:\/\/www.youtube.com\/embed\/OQls6VE8Wwc?feature=oembed\" frameborder=\"0\" allow=\"accelerometer; autoplay; encrypted-media; gyroscope; picture-in-picture\" allowfullscreen><\/iframe><\/p>\n<p>2 &#8211;\u00a0Testemunho do Irm\u00e3o Atahualpa<\/p>\n<p><iframe loading=\"lazy\" width=\"1000\" height=\"750\" src=\"https:\/\/www.youtube.com\/embed\/h5xFXmj-Qng?feature=oembed\" frameborder=\"0\" allow=\"accelerometer; autoplay; encrypted-media; gyroscope; picture-in-picture\" allowfullscreen><\/iframe><\/p>\n<p>1 &#8211; Convite do Centen\u00e1rio<\/p>\n<p><iframe loading=\"lazy\" width=\"1000\" height=\"750\" src=\"https:\/\/www.youtube.com\/embed\/lnKRlzibIeA?feature=oembed\" frameborder=\"0\" allow=\"accelerometer; autoplay; encrypted-media; gyroscope; picture-in-picture\" allowfullscreen><\/iframe><\/p>\n<p>&nbsp;<\/p>\n","protected":false},"excerpt":{"rendered":"<p>7 &#8211; ZIL\u00c1 MOTTA &#8211; SOLU\u00c7\u00c3O 6- Momento de louvor realizado na Igreja Batista Sal\u00e9m -Iju\u00ed-RS 5 &#8211; Homenagem realizada no dia dos Pais (em 09\/08\/2015) 4 &#8211; Mensagem Ministrada no Centen\u00e1rio (em 17\/01\/2015) 3 &#8211; Testemunho da Irm\u00e3 Alessandra Parker 2 &#8211;\u00a0Testemunho do Irm\u00e3o Atahualpa 1 &#8211; Convite do Centen\u00e1rio &nbsp;<\/p>\n","protected":false},"author":1,"featured_media":0,"parent":78,"menu_order":1,"comment_status":"open","ping_status":"closed","template":"","meta":{"footnotes":""},"class_list":["post-82","page","type-page","status-publish","hentry"],"_links":{"self":[{"href":"http:\/\/www.igrejabatistasalem.com.br\/home\/wp-json\/wp\/v2\/pages\/82","targetHints":{"allow":["GET"]}}],"collection":[{"href":"http:\/\/www.igrejabatistasalem.com.br\/home\/wp-json\/wp\/v2\/pages"}],"about":[{"href":"http:\/\/www.igrejabatistasalem.com.br\/home\/wp-json\/wp\/v2\/types\/page"}],"author":[{"embeddable":true,"href":"http:\/\/www.igrejabatistasalem.com.br\/home\/wp-json\/wp\/v2\/users\/1"}],"replies":[{"embeddable":true,"href":"http:\/\/www.igrejabatistasalem.com.br\/home\/wp-json\/wp\/v2\/comments?post=82"}],"version-history":[{"count":8,"href":"http:\/\/www.igrejabatistasalem.com.br\/home\/wp-json\/wp\/v2\/pages\/82\/revisions"}],"predecessor-version":[{"id":486,"href":"http:\/\/www.igrejabatistasalem.com.br\/home\/wp-json\/wp\/v2\/pages\/82\/revisions\/486"}],"up":[{"embeddable":true,"href":"http:\/\/www.igrejabatistasalem.com.br\/home\/wp-json\/wp\/v2\/pages\/78"}],"wp:attachment":[{"href":"http:\/\/www.igrejabatistasalem.com.br\/home\/wp-json\/wp\/v2\/media?parent=82"}],"curies":[{"name":"wp","href":"https:\/\/api.w.org\/{rel}","templated":true}]}}