{"id":275,"date":"2015-02-02T15:47:09","date_gmt":"2015-02-02T18:47:09","guid":{"rendered":"http:\/\/www.igrejabatistasalem.com.br\/blog\/?page_id=275"},"modified":"2021-08-29T19:51:58","modified_gmt":"2021-08-29T22:51:58","slug":"ofertas","status":"publish","type":"page","link":"http:\/\/www.igrejabatistasalem.com.br\/home\/cultos\/ofertas\/","title":{"rendered":"OFERTAS"},"content":{"rendered":"<p>Voc\u00ea que deseja efetuar sua oferta, segue abaixo a nossa conta banc\u00e1ria. Fa\u00e7a um PIX, DOC, TED ou DEP\u00d3SITO na conta abaixo descrita:<\/p>\n<p><strong>PIX : CHAVE CNPJ<\/strong><\/p>\n<p>90.742.529\/0001-73<\/p>\n<p><strong>Favorecido:<\/strong> IGREJA BATISTA SAL\u00c9M<\/p>\n<p>&nbsp;<\/p>\n<p><strong>TRANSFER\u00caNCIA ON-LINE OU DEP\u00d3SITO BANC\u00c1RIO<\/strong><\/p>\n<p><strong>BANRISUL C\u00d3DIGO DO BANCO 041<\/strong><\/p>\n<p><strong>Favorecido:<\/strong> IGREJA BATISTA SAL\u00c9M<br \/>\n<strong>Ag\u00eancia:<\/strong> 0220<br \/>\n<strong>Conta Corrente:<\/strong> 060.357.490-2<\/p>\n<p><strong>CNPJ:<\/strong> 90.742.529\/0001-73<\/p>\n<p>____________________________________________________________________________<\/p>\n<p><strong>BOLETO, CART\u00c3O DE CR\u00c9DITO OU D\u00c9BITO<\/strong><\/p>\n<p>O PagSeguro \u00e9 uma esp\u00e9cie de Banco Virtual e a IGREJA BATISTA SAL\u00c9M possui uma conta nele que nos permite receber ofertas atrav\u00e9s de Cart\u00e3o de Cr\u00e9dito, D\u00e9bito ou Boleto Banc\u00e1rio. o PagSeguro \u00e9 r\u00e1pido, pr\u00e1tico e sem custo.<\/p>\n<p><a href=\"https:\/\/pagseguro.uol.com.br\/checkout\/doacao.jhtml?email_cobranca=templobatistasalem@gmail.com&amp;moeda=BRL\" rel=\"attachment wp-att-414\"><img loading=\"lazy\" decoding=\"async\" class=\"alignleft wp-image-414 size-full\" src=\"http:\/\/www.igrejabatistasalem.com.br\/home\/wp-content\/uploads\/2017\/07\/209x48-doar-azul-assina.gif\" alt=\"\" width=\"209\" height=\"48\" \/><\/a><\/p>\n<p>&nbsp;<\/p>\n","protected":false},"excerpt":{"rendered":"<p>Voc\u00ea que deseja efetuar sua oferta, segue abaixo a nossa conta banc\u00e1ria. Fa\u00e7a um PIX, DOC, TED ou DEP\u00d3SITO na conta abaixo descrita: PIX : CHAVE CNPJ 90.742.529\/0001-73 Favorecido: IGREJA BATISTA SAL\u00c9M &nbsp; TRANSFER\u00caNCIA ON-LINE OU DEP\u00d3SITO BANC\u00c1RIO BANRISUL C\u00d3DIGO DO BANCO 041 Favorecido: IGREJA BATISTA SAL\u00c9M Ag\u00eancia: 0220 Conta Corrente: 060.357.490-2 CNPJ: 90.742.529\/0001-73 ____________________________________________________________________________ [&hellip;]<\/p>\n","protected":false},"author":1,"featured_media":0,"parent":10,"menu_order":0,"comment_status":"open","ping_status":"open","template":"","meta":{"footnotes":""},"class_list":["post-275","page","type-page","status-publish","hentry"],"_links":{"self":[{"href":"http:\/\/www.igrejabatistasalem.com.br\/home\/wp-json\/wp\/v2\/pages\/275","targetHints":{"allow":["GET"]}}],"collection":[{"href":"http:\/\/www.igrejabatistasalem.com.br\/home\/wp-json\/wp\/v2\/pages"}],"about":[{"href":"http:\/\/www.igrejabatistasalem.com.br\/home\/wp-json\/wp\/v2\/types\/page"}],"author":[{"embeddable":true,"href":"http:\/\/www.igrejabatistasalem.com.br\/home\/wp-json\/wp\/v2\/users\/1"}],"replies":[{"embeddable":true,"href":"http:\/\/www.igrejabatistasalem.com.br\/home\/wp-json\/wp\/v2\/comments?post=275"}],"version-history":[{"count":6,"href":"http:\/\/www.igrejabatistasalem.com.br\/home\/wp-json\/wp\/v2\/pages\/275\/revisions"}],"predecessor-version":[{"id":488,"href":"http:\/\/www.igrejabatistasalem.com.br\/home\/wp-json\/wp\/v2\/pages\/275\/revisions\/488"}],"up":[{"embeddable":true,"href":"http:\/\/www.igrejabatistasalem.com.br\/home\/wp-json\/wp\/v2\/pages\/10"}],"wp:attachment":[{"href":"http:\/\/www.igrejabatistasalem.com.br\/home\/wp-json\/wp\/v2\/media?parent=275"}],"curies":[{"name":"wp","href":"https:\/\/api.w.org\/{rel}","templated":true}]}}