{"id":273,"date":"2015-02-02T15:45:58","date_gmt":"2015-02-02T18:45:58","guid":{"rendered":"http:\/\/www.igrejabatistasalem.com.br\/blog\/?page_id=273"},"modified":"2020-02-10T21:37:12","modified_gmt":"2020-02-11T00:37:12","slug":"cultos","status":"publish","type":"page","link":"http:\/\/www.igrejabatistasalem.com.br\/home\/cultos\/cultos\/","title":{"rendered":"CULTOS"},"content":{"rendered":"<ul>\n<li>Domingo &#8211; 09:30hs &#8211; Escola B\u00edblica<\/li>\n<li>Domingo &#8211; 19:30hs &#8211; Culto da Fam\u00edlia<\/li>\n<li>Quarta- feira &#8211; 20:00hs &#8211; Culto de Ensino<\/li>\n<li>S\u00e1bado &#8211; 20:00hs &#8211; Jovens Fortes<\/li>\n<\/ul>\n<p>&nbsp;<\/p>\n<p>Rua: Ven\u00e2ncio Aires, 197 esq. com Rua XV de Novembro,\u00a0 98.700-000 Centro &#8211; IJU\u00cd &#8211; RS<\/p>\n","protected":false},"excerpt":{"rendered":"<p>Domingo &#8211; 09:30hs &#8211; Escola B\u00edblica Domingo &#8211; 19:30hs &#8211; Culto da Fam\u00edlia Quarta- feira &#8211; 20:00hs &#8211; Culto de Ensino S\u00e1bado &#8211; 20:00hs &#8211; Jovens Fortes &nbsp; Rua: Ven\u00e2ncio Aires, 197 esq. com Rua XV de Novembro,\u00a0 98.700-000 Centro &#8211; IJU\u00cd &#8211; RS<\/p>\n","protected":false},"author":1,"featured_media":0,"parent":10,"menu_order":0,"comment_status":"open","ping_status":"open","template":"","meta":{"footnotes":""},"class_list":["post-273","page","type-page","status-publish","hentry"],"_links":{"self":[{"href":"http:\/\/www.igrejabatistasalem.com.br\/home\/wp-json\/wp\/v2\/pages\/273","targetHints":{"allow":["GET"]}}],"collection":[{"href":"http:\/\/www.igrejabatistasalem.com.br\/home\/wp-json\/wp\/v2\/pages"}],"about":[{"href":"http:\/\/www.igrejabatistasalem.com.br\/home\/wp-json\/wp\/v2\/types\/page"}],"author":[{"embeddable":true,"href":"http:\/\/www.igrejabatistasalem.com.br\/home\/wp-json\/wp\/v2\/users\/1"}],"replies":[{"embeddable":true,"href":"http:\/\/www.igrejabatistasalem.com.br\/home\/wp-json\/wp\/v2\/comments?post=273"}],"version-history":[{"count":5,"href":"http:\/\/www.igrejabatistasalem.com.br\/home\/wp-json\/wp\/v2\/pages\/273\/revisions"}],"predecessor-version":[{"id":466,"href":"http:\/\/www.igrejabatistasalem.com.br\/home\/wp-json\/wp\/v2\/pages\/273\/revisions\/466"}],"up":[{"embeddable":true,"href":"http:\/\/www.igrejabatistasalem.com.br\/home\/wp-json\/wp\/v2\/pages\/10"}],"wp:attachment":[{"href":"http:\/\/www.igrejabatistasalem.com.br\/home\/wp-json\/wp\/v2\/media?parent=273"}],"curies":[{"name":"wp","href":"https:\/\/api.w.org\/{rel}","templated":true}]}}